{"id":1208,"date":"2022-05-26T06:30:38","date_gmt":"2022-05-26T06:30:38","guid":{"rendered":"http:\/\/lunesiamoise.com\/?page_id=1208"},"modified":"2022-06-27T09:32:44","modified_gmt":"2022-06-27T09:32:44","slug":"lune-siamoise-le-roman","status":"publish","type":"page","link":"https:\/\/lunesiamoise.com\/","title":{"rendered":"Lune siamoise, le roman"},"content":{"rendered":"\n<div class=\"wp-container-2 wp-block-columns\">\n<div class=\"wp-container-1 wp-block-column\">\n<figure class=\"wp-block-image aligncenter size-large is-resized is-style-default\"><img loading=\"lazy\" src=\"https:\/\/lunesiamoise.com\/wp-content\/uploads\/2022\/05\/couverture-full-copietest1-1-934x1024.png\" alt=\"Roman Lune siamoise \nAuteur Patrick Boulin\" class=\"wp-image-1569\" width=\"945\" height=\"1037\" srcset=\"https:\/\/lunesiamoise.com\/wp-content\/uploads\/2022\/05\/couverture-full-copietest1-1-934x1024.png 934w, https:\/\/lunesiamoise.com\/wp-content\/uploads\/2022\/05\/couverture-full-copietest1-1-274x300.png 274w, https:\/\/lunesiamoise.com\/wp-content\/uploads\/2022\/05\/couverture-full-copietest1-1-768x842.png 768w, https:\/\/lunesiamoise.com\/wp-content\/uploads\/2022\/05\/couverture-full-copietest1-1.png 936w\" sizes=\"(max-width: 945px) 100vw, 945px\" \/><figcaption>Couverture Lune Siamoise paru aux \u00e9ditions du Lys Bleu<\/figcaption><\/figure>\n<\/div>\n<\/div>\n\n\n\n<p><a href=\"https:\/\/www.lysbleueditions.com\/produit\/lune-siamoise\/\" target=\"_blank\" rel=\"noreferrer noopener\">Lune siamoise<\/a> est un roman \u00e9crit par Patrick Boulin et paru aux \u00e9ditions du Lys Bleu. S&rsquo;il fallait d\u00e9crire Lune Siamoise en deux mots et avec beaucoup de raccourcis, on dirait qu&rsquo;il s&rsquo;agit d&rsquo;un drame tha\u00eflandais \u00e0 l&rsquo;accent belge. <\/p>\n\n\n\n<p>Lune siamoise raconte l&rsquo;histoire de Moon, une jeune Tha\u00eflandaise prise dans l&rsquo;\u00e9tau d&rsquo;un engrenage mal\u00e9fique. Un soir comme les autres dans sa vie normale, sa vie bascule sur le parking d&rsquo;une station-service dans la banlieue de Bangkok. A l&rsquo;insouciance succ\u00e8dera le temps du drame, des pleurs et du sang vers\u00e9s. Le chemin de Moon vers la r\u00e9demption sera long, tortueux et peu vertueux. Au bout du tunnel, il peut y avoir un autre tunnel plus sombre encore &#8230;<\/p>\n\n\n\n<p> Et puis, il y a \u00e9galement un accent belge dans Lune Siamoise gr\u00e2ce \u00e0 Beno\u00eet et Mario, deux Bruxellois dilettantes partis go\u00fbter aux charmes de la Tha\u00eflande. Leur amiti\u00e9 pourtant ind\u00e9fectible nou\u00e9e autour de leur passion pour les bi\u00e8res (belges), le foot et la musique va en prendre un sacr\u00e9 coup dans l&rsquo;aventure. Le sortil\u00e8ge siamois peut souvent faire perdre la raison. <\/p>\n\n\n\n<blockquote class=\"wp-block-quote\"><p><em>Un jour, mon \u00e9pouse tha\u00eflandaise m&rsquo;a parl\u00e9 de l&rsquo;histoire d&rsquo;une de ses camarades d&rsquo;universit\u00e9. C&rsquo;\u00e9tait une histoire tragique et inimaginable et pourtant loin d&rsquo;\u00eatre rare en Tha\u00eflande. J&rsquo;ai rencontr\u00e9 Moon (nom d&#8217;emprunt) et elle m&rsquo;a racont\u00e9 en quelques heures son histoire. Emu par la cruaut\u00e9 de son destin, j&rsquo;ai eu l&rsquo;envie d&rsquo;\u00e9crire son t\u00e9moignage. Au d\u00e9part, mon id\u00e9e \u00e9tait d&rsquo;en faire le r\u00e9cit d&rsquo;une histoire vraie. Mais Moon n&rsquo;\u00e9tait pas int\u00e9ress\u00e9e par ce projet. J&rsquo;ai donc d\u00e9cid\u00e9 d&rsquo;en faire un roman. Je l&rsquo;ai b\u00e2ti sur les fondations de ses dires. Et ensuite, je l&rsquo;ai construit \u00e0 l&rsquo;aide de recherche et d&rsquo;investigations et aussi de ce que mon \u00e9pouse m&rsquo;a appris de la culture tha\u00cfe.<\/em><\/p><cite><a href=\"https:\/\/lunesiamoise.com\/?page_id=902\">Patrick Boulin<\/a>, auteur de Lune Siamoise<\/cite><\/blockquote>\n\n\n\n<p>Ce blog vous fait d\u00e9couvrir le <a href=\"https:\/\/lunesiamoise.com\/?page_id=1323\">d\u00e9<\/a><a href=\"https:\/\/lunesiamoise.com\/?page_id=1323\" target=\"_blank\" rel=\"noreferrer noopener\">cor<\/a> du roman (les endroits ou l&rsquo;histoire se passe), la <a href=\"https:\/\/lunesiamoise.com\/?page_id=1380\" target=\"_blank\" rel=\"noreferrer noopener\">musique<\/a> fond sonore de l&rsquo;histoire, la <a href=\"https:\/\/lunesiamoise.com\/?page_id=1771\" target=\"_blank\" rel=\"noreferrer noopener\">cuisine tha\u00efe<\/a> bien pr\u00e9sente dans le roman comme les <a href=\"https:\/\/lunesiamoise.com\/?page_id=1935\">bi\u00e8res belges<\/a> en bonus et aussi un peu <a href=\"https:\/\/lunesiamoise.com\/?page_id=902\" target=\"_blank\" rel=\"noreferrer noopener\">l&rsquo;auteur<\/a>.<\/p>\n\n\n\n<h2>Ce qu&rsquo;en disent les premiers lecteurs &#8230;<\/h2>\n\n\n\n<blockquote class=\"wp-block-quote has-small-font-size\"><p><em>Pour une premi\u00e8re, l\u2019auteur r\u00e9ussit un sans-faute. Apparemment bas\u00e9 sur une histoire vraie, Boulin m\u00eale habilement r\u00e9alit\u00e9 et fiction et nous emporte avec Moon, l\u2019h\u00e9ro\u00efne, dans une incroyable histoire qui se d\u00e9roule en Tha\u00eflande et en partie en Belgique. Sens de la narration, du d\u00e9tail\u2019 rien ne manque. Petit plus: une liste audio faisant r\u00e9f\u00e9rence \u00e0 quelques sc\u00e8nes.<br>A d\u00e9vorer sans d\u00e9lai !<\/em><\/p><cite>Arnaze (France) <\/cite><\/blockquote>\n\n\n\n<blockquote class=\"wp-block-quote has-small-font-size\"><p><em>J&rsquo;ai bien aim\u00e9 Moon le personnage central du roman. On suit son histoire et on s&rsquo;y attache. Le cadre, la Tha\u00eflande, est bien d\u00e9crit.<br>Pour un premier roman, l&rsquo;auteur poss\u00e8de un certain style. Les d\u00e9cors et la psychologie des personnages sont bien d\u00e9crits. Difficile de mettre une \u00e9tiquette sur le roman : pas un policier, pas un romance, \u2026 C&rsquo;est sombre mais pas mi\u00e8vre, parfois m\u00eame dr\u00f4le. C&rsquo;est tr\u00e8s \u00e9clectique avec m\u00eame des r\u00e9f\u00e9rences musicales, des descriptions de bi\u00e8res et m\u00eame de l&rsquo;argot belge. Inclassable mais int\u00e9ressant !<\/em><\/p><cite>Arnaud (France)<\/cite><\/blockquote>\n\n\n\n<blockquote class=\"wp-block-quote has-small-font-size\"><p><em>Une histoire terrible inspir\u00e9e de faits r\u00e9els \u2026<br>En nous faisant vivre les terribles \u00e9v\u00e8nements que doit traverser la belle Moon, l\u2019auteur nous plonge sans concession dans l\u2019ambiance chaude et moite d\u2019un Bangkok nocturne, bruyant , agit\u00e9 , avec toutes ses turpitudes\u2026 On est ici loin, tr\u00e8s loin des images idylliques d\u2019une Tha\u00eflande paradisiaque que proposent les tours op\u00e9rateurs de chez nous .<br>Au fur et \u00e0 mesure de la lecture, on se surprend m\u00eame de la compassion que l\u2019on peut avoir pour cette jeune femme \u00e9tonnante et finalement tr\u00e8s attachante .<br>D\u2019autant plus attachante que l\u2019on sait les \u00e9v\u00e8nements r\u00e9els \u2026<br>Il faut aussi souligner la remarquable qualit\u00e9 d\u2019\u00e9criture de cet auteur .<br>Ce n\u2019est pas dans mes habitudes, mais ici je recommande vraiment cet ouvrage .<\/em><\/p><cite>THL (France)<\/cite><\/blockquote>\n\n\n\n<h2>O\u00f9 trouver Lune siamoise ?<\/h2>\n\n\n\n<p>Le livre \u00ab\u00a0Lune siamoise\u00a0\u00bb est disponible en libraire (sur commande).<\/p>\n\n\n\n<p>En Belgique, vous pourrez le trouver notamment dans les librairies suivantes : Bleus d&rsquo;encre, Filigranes Corner, La Licorne, &#8230;<\/p>\n\n\n\n<p>En Tha\u00eflande, \u00e0 la libraire Carnets d&rsquo;Asie \u00e0 Bangkok.<\/p>\n\n\n\n<p>\u00ab\u00a0Lune siamoise\u00a0\u00bb est \u00e9galement disponible sur les plateformes en ligne, dont <a href=\"https:\/\/www.amazon.fr\/Lune-siamoise-Boulin-Patrick\/dp\/B09YT5TWKR\/ref=sr_1_1?crid=2Q0UWW3YUU960&amp;keywords=lune+siamoise&amp;qid=1656322282&amp;s=books&amp;sprefix=%2Cstripbooks%2C188&amp;sr=1-1\">Amazon<\/a>. Il existe \u00e9galement en version Kindle et Google Books.<\/p>\n\n\n\n<p>Enfin, on peut le commander chez l&rsquo;\u00e9diteur <a href=\"https:\/\/www.lysbleueditions.com\/produit\/lune-siamoise\/\" target=\"_blank\" rel=\"noreferrer noopener\">Le Lys Bleu<\/a>.<\/p>\n\n\n<h4><a title=\"Page suivante\" href=\"https:\/\/lunesiamoise.com\/?page_id=1323\">D\u00e9couvrez le d\u00e9cor de Lune siamoise<\/a><\/h4>","protected":false},"excerpt":{"rendered":"<p>Lune siamoise est un roman \u00e9crit par Patrick Boulin et paru aux \u00e9ditions du Lys Bleu. S&rsquo;il fallait d\u00e9crire Lune Siamoise en deux mots et avec beaucoup de raccourcis, on dirait qu&rsquo;il s&rsquo;agit d&rsquo;un drame tha\u00eflandais \u00e0 l&rsquo;accent belge. Lune siamoise raconte l&rsquo;histoire de Moon, une jeune Tha\u00eflandaise prise dans l&rsquo;\u00e9tau d&rsquo;un engrenage mal\u00e9fique. Un [&hellip;]<\/p>\n","protected":false},"author":1,"featured_media":0,"parent":0,"menu_order":1,"comment_status":"closed","ping_status":"closed","template":"","meta":{"om_disable_all_campaigns":false,"_monsterinsights_skip_tracking":false,"_monsterinsights_sitenote_active":false,"_monsterinsights_sitenote_note":"","_monsterinsights_sitenote_category":0},"yoast_head":"<!-- This site is optimized with the Yoast SEO plugin v19.0 - https:\/\/yoast.com\/wordpress\/plugins\/seo\/ -->\n<title>Lune siamoise, le roman - lunesiamoise.com<\/title>\n<meta name=\"description\" content=\"Lune Siamoise est un roman racontant l&#039;histoire de Moon, une jeune Tha\u00eflandaise dont la vie bascule un soir. Elle est alors prise dans un engrenage infernal. Un livre \u00e0 lire absolument si vous aimez la Tha\u00eflande.\" \/>\n<meta name=\"robots\" content=\"index, follow, max-snippet:-1, max-image-preview:large, max-video-preview:-1\" \/>\n<link rel=\"canonical\" href=\"https:\/\/lunesiamoise.com\/\" \/>\n<meta property=\"og:locale\" content=\"fr_FR\" \/>\n<meta property=\"og:type\" content=\"article\" \/>\n<meta property=\"og:title\" content=\"Lune siamoise, le roman - lunesiamoise.com\" \/>\n<meta property=\"og:description\" content=\"Lune Siamoise est un roman racontant l&#039;histoire de Moon, une jeune Tha\u00eflandaise dont la vie bascule un soir. Elle est alors prise dans un engrenage infernal. Un livre \u00e0 lire absolument si vous aimez la Tha\u00eflande.\" \/>\n<meta property=\"og:url\" content=\"https:\/\/lunesiamoise.com\/\" \/>\n<meta property=\"og:site_name\" content=\"lunesiamoise.com\" \/>\n<meta property=\"article:publisher\" content=\"https:\/\/www.facebook.com\/lunesiamoise\/\" \/>\n<meta property=\"article:modified_time\" content=\"2022-06-27T09:32:44+00:00\" \/>\n<meta property=\"og:image\" content=\"http:\/\/lunesiamoise.com\/wp-content\/uploads\/2022\/05\/couverture-full-copietest1-2.png\" \/>\n\t<meta property=\"og:image:width\" content=\"936\" \/>\n\t<meta property=\"og:image:height\" content=\"1026\" \/>\n\t<meta property=\"og:image:type\" content=\"image\/png\" \/>\n<meta name=\"twitter:card\" content=\"summary_large_image\" \/>\n<meta name=\"twitter:label1\" content=\"Dur\u00e9e de lecture estim\u00e9e\" \/>\n\t<meta name=\"twitter:data1\" content=\"4 minutes\" \/>\n<script type=\"application\/ld+json\" class=\"yoast-schema-graph\">{\"@context\":\"https:\/\/schema.org\",\"@graph\":[{\"@type\":\"Organization\",\"@id\":\"https:\/\/lunesiamoise.com\/#organization\",\"name\":\"Lune siamoise\",\"url\":\"https:\/\/lunesiamoise.com\/\",\"sameAs\":[\"https:\/\/www.facebook.com\/lunesiamoise\/\"],\"logo\":{\"@type\":\"ImageObject\",\"inLanguage\":\"fr-FR\",\"@id\":\"https:\/\/lunesiamoise.com\/#\/schema\/logo\/image\/\",\"url\":\"https:\/\/lunesiamoise.com\/wp-content\/uploads\/2022\/05\/couverture-full-copietest1-2.png\",\"contentUrl\":\"https:\/\/lunesiamoise.com\/wp-content\/uploads\/2022\/05\/couverture-full-copietest1-2.png\",\"width\":936,\"height\":1026,\"caption\":\"Lune siamoise\"},\"image\":{\"@id\":\"https:\/\/lunesiamoise.com\/#\/schema\/logo\/image\/\"}},{\"@type\":\"WebSite\",\"@id\":\"https:\/\/lunesiamoise.com\/#website\",\"url\":\"https:\/\/lunesiamoise.com\/\",\"name\":\"lunesiamoise.com\",\"description\":\"L&#039;univers de Lune siamoise\",\"publisher\":{\"@id\":\"https:\/\/lunesiamoise.com\/#organization\"},\"potentialAction\":[{\"@type\":\"SearchAction\",\"target\":{\"@type\":\"EntryPoint\",\"urlTemplate\":\"https:\/\/lunesiamoise.com\/?s={search_term_string}\"},\"query-input\":\"required name=search_term_string\"}],\"inLanguage\":\"fr-FR\"},{\"@type\":\"ImageObject\",\"inLanguage\":\"fr-FR\",\"@id\":\"https:\/\/lunesiamoise.com\/#primaryimage\",\"url\":\"https:\/\/lunesiamoise.com\/wp-content\/uploads\/2022\/05\/couverture-full-copietest1-2.png\",\"contentUrl\":\"https:\/\/lunesiamoise.com\/wp-content\/uploads\/2022\/05\/couverture-full-copietest1-2.png\",\"width\":936,\"height\":1026,\"caption\":\"Lune siamoise\"},{\"@type\":\"WebPage\",\"@id\":\"https:\/\/lunesiamoise.com\/#webpage\",\"url\":\"https:\/\/lunesiamoise.com\/\",\"name\":\"Lune siamoise, le roman - lunesiamoise.com\",\"isPartOf\":{\"@id\":\"https:\/\/lunesiamoise.com\/#website\"},\"primaryImageOfPage\":{\"@id\":\"https:\/\/lunesiamoise.com\/#primaryimage\"},\"datePublished\":\"2022-05-26T06:30:38+00:00\",\"dateModified\":\"2022-06-27T09:32:44+00:00\",\"description\":\"Lune Siamoise est un roman racontant l'histoire de Moon, une jeune Tha\u00eflandaise dont la vie bascule un soir. Elle est alors prise dans un engrenage infernal. Un livre \u00e0 lire absolument si vous aimez la Tha\u00eflande.\",\"breadcrumb\":{\"@id\":\"https:\/\/lunesiamoise.com\/#breadcrumb\"},\"inLanguage\":\"fr-FR\",\"potentialAction\":[{\"@type\":\"ReadAction\",\"target\":[\"https:\/\/lunesiamoise.com\/\"]}]},{\"@type\":\"BreadcrumbList\",\"@id\":\"https:\/\/lunesiamoise.com\/#breadcrumb\",\"itemListElement\":[{\"@type\":\"ListItem\",\"position\":1,\"name\":\"Accueil\",\"item\":\"https:\/\/lunesiamoise.com\/\"},{\"@type\":\"ListItem\",\"position\":2,\"name\":\"Lune siamoise, le roman\"}]}]}<\/script>\n<!-- \/ Yoast SEO plugin. -->","yoast_head_json":{"title":"Lune siamoise, le roman - lunesiamoise.com","description":"Lune Siamoise est un roman racontant l'histoire de Moon, une jeune Tha\u00eflandaise dont la vie bascule un soir. Elle est alors prise dans un engrenage infernal. Un livre \u00e0 lire absolument si vous aimez la Tha\u00eflande.","robots":{"index":"index","follow":"follow","max-snippet":"max-snippet:-1","max-image-preview":"max-image-preview:large","max-video-preview":"max-video-preview:-1"},"canonical":"https:\/\/lunesiamoise.com\/","og_locale":"fr_FR","og_type":"article","og_title":"Lune siamoise, le roman - lunesiamoise.com","og_description":"Lune Siamoise est un roman racontant l'histoire de Moon, une jeune Tha\u00eflandaise dont la vie bascule un soir. Elle est alors prise dans un engrenage infernal. Un livre \u00e0 lire absolument si vous aimez la Tha\u00eflande.","og_url":"https:\/\/lunesiamoise.com\/","og_site_name":"lunesiamoise.com","article_publisher":"https:\/\/www.facebook.com\/lunesiamoise\/","article_modified_time":"2022-06-27T09:32:44+00:00","og_image":[{"width":936,"height":1026,"url":"http:\/\/lunesiamoise.com\/wp-content\/uploads\/2022\/05\/couverture-full-copietest1-2.png","type":"image\/png"}],"twitter_card":"summary_large_image","twitter_misc":{"Dur\u00e9e de lecture estim\u00e9e":"4 minutes"},"schema":{"@context":"https:\/\/schema.org","@graph":[{"@type":"Organization","@id":"https:\/\/lunesiamoise.com\/#organization","name":"Lune siamoise","url":"https:\/\/lunesiamoise.com\/","sameAs":["https:\/\/www.facebook.com\/lunesiamoise\/"],"logo":{"@type":"ImageObject","inLanguage":"fr-FR","@id":"https:\/\/lunesiamoise.com\/#\/schema\/logo\/image\/","url":"https:\/\/lunesiamoise.com\/wp-content\/uploads\/2022\/05\/couverture-full-copietest1-2.png","contentUrl":"https:\/\/lunesiamoise.com\/wp-content\/uploads\/2022\/05\/couverture-full-copietest1-2.png","width":936,"height":1026,"caption":"Lune siamoise"},"image":{"@id":"https:\/\/lunesiamoise.com\/#\/schema\/logo\/image\/"}},{"@type":"WebSite","@id":"https:\/\/lunesiamoise.com\/#website","url":"https:\/\/lunesiamoise.com\/","name":"lunesiamoise.com","description":"L&#039;univers de Lune siamoise","publisher":{"@id":"https:\/\/lunesiamoise.com\/#organization"},"potentialAction":[{"@type":"SearchAction","target":{"@type":"EntryPoint","urlTemplate":"https:\/\/lunesiamoise.com\/?s={search_term_string}"},"query-input":"required name=search_term_string"}],"inLanguage":"fr-FR"},{"@type":"ImageObject","inLanguage":"fr-FR","@id":"https:\/\/lunesiamoise.com\/#primaryimage","url":"https:\/\/lunesiamoise.com\/wp-content\/uploads\/2022\/05\/couverture-full-copietest1-2.png","contentUrl":"https:\/\/lunesiamoise.com\/wp-content\/uploads\/2022\/05\/couverture-full-copietest1-2.png","width":936,"height":1026,"caption":"Lune siamoise"},{"@type":"WebPage","@id":"https:\/\/lunesiamoise.com\/#webpage","url":"https:\/\/lunesiamoise.com\/","name":"Lune siamoise, le roman - lunesiamoise.com","isPartOf":{"@id":"https:\/\/lunesiamoise.com\/#website"},"primaryImageOfPage":{"@id":"https:\/\/lunesiamoise.com\/#primaryimage"},"datePublished":"2022-05-26T06:30:38+00:00","dateModified":"2022-06-27T09:32:44+00:00","description":"Lune Siamoise est un roman racontant l'histoire de Moon, une jeune Tha\u00eflandaise dont la vie bascule un soir. Elle est alors prise dans un engrenage infernal. Un livre \u00e0 lire absolument si vous aimez la Tha\u00eflande.","breadcrumb":{"@id":"https:\/\/lunesiamoise.com\/#breadcrumb"},"inLanguage":"fr-FR","potentialAction":[{"@type":"ReadAction","target":["https:\/\/lunesiamoise.com\/"]}]},{"@type":"BreadcrumbList","@id":"https:\/\/lunesiamoise.com\/#breadcrumb","itemListElement":[{"@type":"ListItem","position":1,"name":"Accueil","item":"https:\/\/lunesiamoise.com\/"},{"@type":"ListItem","position":2,"name":"Lune siamoise, le roman"}]}]}},"uagb_featured_image_src":{"full":false,"thumbnail":false,"medium":false,"medium_large":false,"large":false,"1536x1536":false,"2048x2048":false,"post-thumbnail":false},"uagb_author_info":{"display_name":"patrick_be@yahoo.com","author_link":"https:\/\/lunesiamoise.com\/?author=1"},"uagb_comment_info":0,"uagb_excerpt":"Lune siamoise est un roman \u00e9crit par Patrick Boulin et paru aux \u00e9ditions du Lys Bleu. S&rsquo;il fallait d\u00e9crire Lune Siamoise en deux mots et avec beaucoup de raccourcis, on dirait qu&rsquo;il s&rsquo;agit d&rsquo;un drame tha\u00eflandais \u00e0 l&rsquo;accent belge. Lune siamoise raconte l&rsquo;histoire de Moon, une jeune Tha\u00eflandaise prise dans l&rsquo;\u00e9tau d&rsquo;un engrenage mal\u00e9fique. Un\u2026","_links":{"self":[{"href":"https:\/\/lunesiamoise.com\/index.php?rest_route=\/wp\/v2\/pages\/1208"}],"collection":[{"href":"https:\/\/lunesiamoise.com\/index.php?rest_route=\/wp\/v2\/pages"}],"about":[{"href":"https:\/\/lunesiamoise.com\/index.php?rest_route=\/wp\/v2\/types\/page"}],"author":[{"embeddable":true,"href":"https:\/\/lunesiamoise.com\/index.php?rest_route=\/wp\/v2\/users\/1"}],"replies":[{"embeddable":true,"href":"https:\/\/lunesiamoise.com\/index.php?rest_route=%2Fwp%2Fv2%2Fcomments&post=1208"}],"version-history":[{"count":28,"href":"https:\/\/lunesiamoise.com\/index.php?rest_route=\/wp\/v2\/pages\/1208\/revisions"}],"predecessor-version":[{"id":2051,"href":"https:\/\/lunesiamoise.com\/index.php?rest_route=\/wp\/v2\/pages\/1208\/revisions\/2051"}],"wp:attachment":[{"href":"https:\/\/lunesiamoise.com\/index.php?rest_route=%2Fwp%2Fv2%2Fmedia&parent=1208"}],"curies":[{"name":"wp","href":"https:\/\/api.w.org\/{rel}","templated":true}]}}