{"id":1380,"date":"2022-05-29T19:52:55","date_gmt":"2022-05-29T19:52:55","guid":{"rendered":"http:\/\/lunesiamoise.com\/?page_id=1380"},"modified":"2022-06-05T15:25:51","modified_gmt":"2022-06-05T15:25:51","slug":"la-bande-son-de-lune-siamoise","status":"publish","type":"page","link":"https:\/\/lunesiamoise.com\/?page_id=1380","title":{"rendered":"La bande son de Lune Siamoise"},"content":{"rendered":"\n<figure class=\"wp-block-image size-large\"><img loading=\"lazy\" width=\"1024\" height=\"683\" src=\"https:\/\/lunesiamoise.com\/wp-content\/uploads\/2022\/06\/Thai-Music-CR-Johan-Fantenberg-1-1024x683.jpg\" alt=\"\" class=\"wp-image-1967\" srcset=\"https:\/\/lunesiamoise.com\/wp-content\/uploads\/2022\/06\/Thai-Music-CR-Johan-Fantenberg-1-1024x683.jpg 1024w, https:\/\/lunesiamoise.com\/wp-content\/uploads\/2022\/06\/Thai-Music-CR-Johan-Fantenberg-1-300x200.jpg 300w, https:\/\/lunesiamoise.com\/wp-content\/uploads\/2022\/06\/Thai-Music-CR-Johan-Fantenberg-1-768x512.jpg 768w, https:\/\/lunesiamoise.com\/wp-content\/uploads\/2022\/06\/Thai-Music-CR-Johan-Fantenberg-1-1536x1024.jpg 1536w, https:\/\/lunesiamoise.com\/wp-content\/uploads\/2022\/06\/Thai-Music-CR-Johan-Fantenberg-1-2048x1365.jpg 2048w, https:\/\/lunesiamoise.com\/wp-content\/uploads\/2022\/06\/Thai-Music-CR-Johan-Fantenberg-1-1568x1045.jpg 1568w\" sizes=\"(max-width: 1024px) 100vw, 1024px\" \/><figcaption>\u00a9 Johan Fantenberg<\/figcaption><\/figure>\n\n\n\n<p>En \u00e9crivant Lune siamoise, j&rsquo;avais des musiques en t\u00eate. Parfois, c&rsquo;est une chanson qui me dictait le texte. D&rsquo;autres fois, ce sont les mots qui \u00e9voquaient une musique. La liste de lecture de Lune siamoise a donc grandi avec le roman.<\/p>\n\n\n\n<p>C&rsquo;est une bande son \u00e9clectique, avec \u00e0 la fois de la musique tha\u00eflandaise, de du rock belge (non, peut-\u00eatre !) dont notamment le regrett\u00e9 Arno et quelques classiques du Pop\/Rock (les choix de Beno\u00eet et Mario) et une incursion dans la musique italienne (\u00e0 cause de Mario).<\/p>\n\n\n\n<p>Les chansons tha\u00efes, je les ai \u00ab\u00a0shazam\u00e9es\u00a0\u00bb au fur et \u00e0 mesure de mes s\u00e9jours en Tha\u00eflande. Il y a vraiment de tout &#8230;<\/p>\n\n\n\n<p>Le tout forme une liste de lecture que vous pouvez \u00e9couter sur Spotify ou dans le lecteur en bas de page.<\/p>\n\n\n\n<p>Ou encore sur YouTube :<\/p>\n\n\n<p><a title=\"Playlist Lune siamoise\" href=\"https:\/\/youtube.com\/playlist?list=PLXpEqN_Dp-vNwhLxGM33jVJtUl5_N8BC5\">Playlist Lune siamoise sur YouTube<\/a><\/p>\n\n\n<p>A propos de la musique tha\u00eflandaise, j&rsquo;avoue avoir mis du temps \u00e0 l&rsquo;appr\u00e9cier. Peut-\u00eatre, \u00e0 cause des tremolos souvent pr\u00e9sents dans les chansons ou de m\u00e9lodies trop sucr\u00e9es ou trop pop. Difficile \u00e0 dire. Mais finalement, je suis entr\u00e9 \u00ab\u00a0dedans\u00a0\u00bb. Le d\u00e9clic s&rsquo;est sans doute fait lors d&rsquo;une soir\u00e9e dans un de ces restaurants qui font office \u00e9galement de salle de concert. On peut y avoir se succ\u00e9der sur sc\u00e8ne  des groupes reprenant sur un rythme endiabl\u00e9 les standards de la rock\/pop tha\u00ef. J&rsquo;avoue avoir \u00e9t\u00e9 conquis par cette \u00e9nergie.<\/p>\n\n\n\n<blockquote class=\"wp-block-quote has-small-font-size\"><p><em>C\u2019\u00e9tait, il y a pr\u00e8s d\u2019un an, lors d\u2019une soir\u00e9e de d\u00e9lire juv\u00e9nile. La f\u00eate battait son plein dans un hangar transform\u00e9 en bo\u00eete de nuit. L\u2019orchestre reprenait avec entrain les grands hits de la pop tha\u00eflandaise au plus grand plaisir d\u2019une salle comble. \u00c0 cadence soutenue, des clients enthousiastes venaient offrir des shots de tequila aux chanteuses et chanteurs qui se relayaient sur sc\u00e8ne dans des duos survolt\u00e9s. Cela avait le don d\u2019\u00e9lectriser encore plus le show<\/em>.<\/p><cite>Extrait Lune siamoise<\/cite><\/blockquote>\n\n\n\n<p>Si vous avez l&rsquo;occasion lors de votre s\u00e9jour en Tha\u00eflande de passer une soir\u00e9e dans un de ces restaurant caf\u00e9-concert (de pr\u00e9f\u00e9rence un fr\u00e9quent\u00e9 par les autochtones), n&rsquo;h\u00e9sitez pas ! Ambiance garantie !<\/p>\n\n\n\n<figure class=\"wp-block-embed is-type-video is-provider-youtube wp-block-embed-youtube wp-embed-aspect-16-9 wp-has-aspect-ratio\"><div class=\"wp-block-embed__wrapper\">\n<iframe loading=\"lazy\" title=\"Isaan Tawan Daeng - Bangkok, Thailand\" width=\"500\" height=\"281\" src=\"https:\/\/www.youtube.com\/embed\/hs-DeJe3p8Y?feature=oembed\" frameborder=\"0\" allow=\"accelerometer; autoplay; clipboard-write; encrypted-media; gyroscope; picture-in-picture\" allowfullscreen><\/iframe>\n<\/div><\/figure>\n\n\n<p>La musique tha\u00ef a \u00e9volu\u00e9 de la musique traditionnelle des campagnes d&rsquo;Issan en incorporant des influences country, rock et pop de la musique occidentale. Ce style musical pourtant bigarr\u00e9, d\u00e9nomm\u00e9 Luk Thung, a r\u00e9ussi \u00e0 pr\u00e9server une identit\u00e9 tr\u00e8s forte et reconnaissable. Pour ceux que cela int\u00e9resse, un livre consacr\u00e9 au Luk Thung a \u00e9t\u00e9 publi\u00e9 aux \u00e9ditions Gope (\u00ab\u00a0Luk Thung, la musique la plus populaire de Tha\u00eflande\u00a0\u00bb) :&nbsp;<a href=\"https:\/\/www.gope-editions.fr\/livre\/luk-thung\/\">https:\/\/www.gope-editions.fr\/livre\/luk-thung\/<\/a><\/p>\n\n\n<p><\/p>\n\n\n\n<div class=\"wp-container-3 wp-block-columns\" style=\"border-radius:24px;padding-top:20px;padding-right:20px;padding-bottom:20px;padding-left:20px\">\n<div class=\"wp-container-1 wp-block-column\" style=\"flex-basis:66.66%\">\n<figure class=\"wp-block-embed is-type-video is-provider-youtube wp-block-embed-youtube wp-embed-aspect-4-3 wp-has-aspect-ratio\"><div class=\"wp-block-embed__wrapper\">\n<iframe loading=\"lazy\" title=\"\u0e2d\u0e21\u0e1e\u0e23\u0e30\u0e21\u0e32\u0e1e\u0e39\u0e14 - \u0e40\u0e2a\u0e01 \u0e42\u0e25\u0e42\u0e0b\u3010OFFICIAL MV\u3011\" width=\"500\" height=\"375\" src=\"https:\/\/www.youtube.com\/embed\/Q9MsKajCU3M?feature=oembed\" frameborder=\"0\" allow=\"accelerometer; autoplay; clipboard-write; encrypted-media; gyroscope; picture-in-picture\" allowfullscreen><\/iframe>\n<\/div><\/figure>\n<\/div>\n\n\n\n<div class=\"wp-container-2 wp-block-column\" style=\"padding-top:10px;padding-right:10px;padding-bottom:10px;padding-left:10px;flex-basis:20%\">\n<p class=\"has-text-align-center\">Mon artiste tha\u00ef pr\u00e9f\u00e9r\u00e9 est Sek Loso, un vrai \u00ab\u00a0rock and roll hero\u00a0\u00bb. Sek Loso est le nom de son groupe. Il a compt\u00e9 de nombreux hits en Tha\u00eflande dans les ann\u00e9es &rsquo;90. Fan de Jimi Hendrix, Sek, le chanteur-guitariste, a tent\u00e9, comme lui, de percer en Europe sans conna\u00eetre la m\u00eame r\u00e9ussite.  Il a fait des apparitions dans des festivals en Angleterre.\u00a0\u00bbBad boy\u00a0\u00bb dans l&rsquo;\u00e2me, il a \u00e9t\u00e9 condamn\u00e9 derni\u00e8rement pour d\u00e9tention d&rsquo;arme et de drogue et r\u00e9sistance lors de son arrestation. Il a \u00e9t\u00e9 lib\u00e9r\u00e9 sous caution.<\/p>\n<\/div>\n<\/div>\n\n\n\n<p>Le plus grand succ\u00e8s de Sek Loso, c&rsquo;est la chanson d&rsquo;amour Son Sarn.<\/p>\n\n\n\n<blockquote class=\"wp-block-quote has-small-font-size\"><p><em>Un soir, Yohan et Mario s\u2019\u00e9taient retrouv\u00e9s sur la plage de Koh Lanta. Non loin d\u2019eux, de jeunes Tha\u00efs \u00e9taient assis avec leurs guitares autour d\u2019un feu de bois. On pouvait les entendre jouer avec passion Som Sarn de leur h\u00e9ros Sek Loso<\/em>.<\/p><cite>Extrait Lune siamoise<\/cite><\/blockquote>\n\n\n\n<figure class=\"wp-block-embed is-type-video is-provider-youtube wp-block-embed-youtube wp-embed-aspect-16-9 wp-has-aspect-ratio\"><div class=\"wp-block-embed__wrapper\">\n<iframe loading=\"lazy\" title=\"\u0e0b\u0e21\u0e0b\u0e32\u0e19 -  LOSO\u3010OFFICIAL MV\u3011\" width=\"500\" height=\"281\" src=\"https:\/\/www.youtube.com\/embed\/2dSGCzeuPlA?feature=oembed\" frameborder=\"0\" allow=\"accelerometer; autoplay; clipboard-write; encrypted-media; gyroscope; picture-in-picture\" allowfullscreen><\/iframe>\n<\/div><\/figure>\n\n\n\n<p>Moon, l&rsquo;h\u00e9ro\u00efne de Lune Siamoise, pr\u00e9f\u00e8re la chanteuse Takkatan Chollada. Dans cette chanson pourtant tr\u00e8s pop, on peut n\u00e9anmoins percevoir les influences traditionnelles dans les tremolos et les instruments.<\/p>\n\n\n\n<figure class=\"wp-block-embed is-type-video is-provider-youtube wp-block-embed-youtube wp-embed-aspect-16-9 wp-has-aspect-ratio\"><div class=\"wp-block-embed__wrapper\">\n<iframe loading=\"lazy\" title=\"\u0e44\u0e2b\u0e07\u0e48\u0e07\u0e48\u0e2d\u0e07 - \u0e15\u0e31\u0e4a\u0e01\u0e41\u0e15\u0e19 \u0e0a\u0e25\u0e14\u0e32\u3010LYRIC VIDEO\u3011\" width=\"500\" height=\"281\" src=\"https:\/\/www.youtube.com\/embed\/bREp0BIgMz0?feature=oembed\" frameborder=\"0\" allow=\"accelerometer; autoplay; clipboard-write; encrypted-media; gyroscope; picture-in-picture\" allowfullscreen><\/iframe>\n<\/div><\/figure>\n\n\n\n<p>Mais il y en a pour tous les go\u00fbts dans la musique tha\u00ef, comme par exemple du reggae :<\/p>\n\n\n\n<figure class=\"wp-block-embed is-type-video is-provider-youtube wp-block-embed-youtube wp-embed-aspect-4-3 wp-has-aspect-ratio\"><div class=\"wp-block-embed__wrapper\">\n<iframe loading=\"lazy\" title=\"Job 2 Do - Doo Doo Doo\" width=\"500\" height=\"375\" src=\"https:\/\/www.youtube.com\/embed\/yi6jw7EtryE?feature=oembed\" frameborder=\"0\" allow=\"accelerometer; autoplay; clipboard-write; encrypted-media; gyroscope; picture-in-picture\" allowfullscreen><\/iframe>\n<\/div><\/figure>\n\n\n\n<p>Du encore du hip-hop tha\u00ef<\/p>\n\n\n\n<figure class=\"wp-block-embed is-type-video is-provider-youtube wp-block-embed-youtube wp-embed-aspect-16-9 wp-has-aspect-ratio\"><div class=\"wp-block-embed__wrapper\">\n<iframe loading=\"lazy\" title=\"THAITANIUM LIVE BANGKOK CITY CHAO PHRAYA RIVER\" width=\"500\" height=\"281\" src=\"https:\/\/www.youtube.com\/embed\/Y5yjgs0zgiE?feature=oembed\" frameborder=\"0\" allow=\"accelerometer; autoplay; clipboard-write; encrypted-media; gyroscope; picture-in-picture\" allowfullscreen><\/iframe>\n<\/div><\/figure>\n\n\n\n<p>Sinon, la musique traditionnelle tha\u00ef , cela ressemble plus \u00e0 cela :<\/p>\n\n\n\n<figure class=\"wp-block-embed is-type-video is-provider-youtube wp-block-embed-youtube wp-embed-aspect-16-9 wp-has-aspect-ratio\"><div class=\"wp-block-embed__wrapper\">\n<iframe loading=\"lazy\" title=\"Isaan Music Mix - Thailand\" width=\"500\" height=\"281\" src=\"https:\/\/www.youtube.com\/embed\/6CfqxBGDU-g?feature=oembed\" frameborder=\"0\" allow=\"accelerometer; autoplay; clipboard-write; encrypted-media; gyroscope; picture-in-picture\" allowfullscreen><\/iframe>\n<\/div><\/figure>\n\n\n\n<figure class=\"wp-block-embed is-type-rich is-provider-spotify wp-block-embed-spotify wp-embed-aspect-21-9 wp-has-aspect-ratio\"><div class=\"wp-block-embed__wrapper\">\n<iframe loading=\"lazy\" title=\"Spotify Embed: Lune Siamoise\" style=\"border-radius: 12px\" width=\"100%\" height=\"380\" frameborder=\"0\" allowfullscreen allow=\"autoplay; clipboard-write; encrypted-media; fullscreen; picture-in-picture\" src=\"https:\/\/open.spotify.com\/embed\/playlist\/20dFi2hlgD4rw44uDd81gR?si=7edd72bcfc3c4c88&#038;utm_source=oembed\"><\/iframe>\n<\/div><\/figure>\n\n\n\n<div class=\"wp-container-6 wp-block-columns\">\n<div class=\"wp-container-4 wp-block-column\"><\/div>\n\n\n\n<div class=\"wp-container-5 wp-block-column\"><\/div>\n<\/div>\n","protected":false},"excerpt":{"rendered":"<p>En \u00e9crivant Lune siamoise, j&rsquo;avais des musiques en t\u00eate. Parfois, c&rsquo;est une chanson qui me dictait le texte. D&rsquo;autres fois, ce sont les mots qui \u00e9voquaient une musique. La liste de lecture de Lune siamoise a donc grandi avec le roman. C&rsquo;est une bande son \u00e9clectique, avec \u00e0 la fois de la musique tha\u00eflandaise, de [&hellip;]<\/p>\n","protected":false},"author":1,"featured_media":0,"parent":0,"menu_order":3,"comment_status":"closed","ping_status":"closed","template":"","meta":{"om_disable_all_campaigns":false,"_monsterinsights_skip_tracking":false,"_monsterinsights_sitenote_active":false,"_monsterinsights_sitenote_note":"","_monsterinsights_sitenote_category":0},"yoast_head":"<!-- This site is optimized with the Yoast SEO plugin v19.0 - https:\/\/yoast.com\/wordpress\/plugins\/seo\/ -->\n<title>La bande son de Lune Siamoise - lunesiamoise.com<\/title>\n<meta name=\"robots\" content=\"index, follow, max-snippet:-1, max-image-preview:large, max-video-preview:-1\" \/>\n<link rel=\"canonical\" href=\"https:\/\/lunesiamoise.com\/?page_id=1380\" \/>\n<meta property=\"og:locale\" content=\"fr_FR\" \/>\n<meta property=\"og:type\" content=\"article\" \/>\n<meta property=\"og:title\" content=\"La bande son de Lune Siamoise - lunesiamoise.com\" \/>\n<meta property=\"og:description\" content=\"En \u00e9crivant Lune siamoise, j&rsquo;avais des musiques en t\u00eate. Parfois, c&rsquo;est une chanson qui me dictait le texte. D&rsquo;autres fois, ce sont les mots qui \u00e9voquaient une musique. La liste de lecture de Lune siamoise a donc grandi avec le roman. C&rsquo;est une bande son \u00e9clectique, avec \u00e0 la fois de la musique tha\u00eflandaise, de [&hellip;]\" \/>\n<meta property=\"og:url\" content=\"https:\/\/lunesiamoise.com\/?page_id=1380\" \/>\n<meta property=\"og:site_name\" content=\"lunesiamoise.com\" \/>\n<meta property=\"article:publisher\" content=\"https:\/\/www.facebook.com\/lunesiamoise\/\" \/>\n<meta property=\"article:modified_time\" content=\"2022-06-05T15:25:51+00:00\" \/>\n<meta property=\"og:image\" content=\"http:\/\/lunesiamoise.com\/wp-content\/uploads\/2022\/06\/Thai-Music-CR-Johan-Fantenberg-2-scaled.jpg\" \/>\n\t<meta property=\"og:image:width\" content=\"2560\" \/>\n\t<meta property=\"og:image:height\" content=\"1707\" \/>\n\t<meta property=\"og:image:type\" content=\"image\/jpeg\" \/>\n<meta name=\"twitter:card\" content=\"summary_large_image\" \/>\n<meta name=\"twitter:label1\" content=\"Dur\u00e9e de lecture estim\u00e9e\" \/>\n\t<meta name=\"twitter:data1\" content=\"4 minutes\" \/>\n<script type=\"application\/ld+json\" class=\"yoast-schema-graph\">{\"@context\":\"https:\/\/schema.org\",\"@graph\":[{\"@type\":\"Organization\",\"@id\":\"https:\/\/lunesiamoise.com\/#organization\",\"name\":\"Lune siamoise\",\"url\":\"https:\/\/lunesiamoise.com\/\",\"sameAs\":[\"https:\/\/www.facebook.com\/lunesiamoise\/\"],\"logo\":{\"@type\":\"ImageObject\",\"inLanguage\":\"fr-FR\",\"@id\":\"https:\/\/lunesiamoise.com\/#\/schema\/logo\/image\/\",\"url\":\"https:\/\/lunesiamoise.com\/wp-content\/uploads\/2022\/05\/couverture-full-copietest1-2.png\",\"contentUrl\":\"https:\/\/lunesiamoise.com\/wp-content\/uploads\/2022\/05\/couverture-full-copietest1-2.png\",\"width\":936,\"height\":1026,\"caption\":\"Lune siamoise\"},\"image\":{\"@id\":\"https:\/\/lunesiamoise.com\/#\/schema\/logo\/image\/\"}},{\"@type\":\"WebSite\",\"@id\":\"https:\/\/lunesiamoise.com\/#website\",\"url\":\"https:\/\/lunesiamoise.com\/\",\"name\":\"lunesiamoise.com\",\"description\":\"L&#039;univers de Lune siamoise\",\"publisher\":{\"@id\":\"https:\/\/lunesiamoise.com\/#organization\"},\"potentialAction\":[{\"@type\":\"SearchAction\",\"target\":{\"@type\":\"EntryPoint\",\"urlTemplate\":\"https:\/\/lunesiamoise.com\/?s={search_term_string}\"},\"query-input\":\"required name=search_term_string\"}],\"inLanguage\":\"fr-FR\"},{\"@type\":\"ImageObject\",\"inLanguage\":\"fr-FR\",\"@id\":\"https:\/\/lunesiamoise.com\/?page_id=1380#primaryimage\",\"url\":\"https:\/\/lunesiamoise.com\/wp-content\/uploads\/2022\/06\/Thai-Music-CR-Johan-Fantenberg-2-scaled.jpg\",\"contentUrl\":\"https:\/\/lunesiamoise.com\/wp-content\/uploads\/2022\/06\/Thai-Music-CR-Johan-Fantenberg-2-scaled.jpg\",\"width\":2560,\"height\":1707},{\"@type\":\"WebPage\",\"@id\":\"https:\/\/lunesiamoise.com\/?page_id=1380#webpage\",\"url\":\"https:\/\/lunesiamoise.com\/?page_id=1380\",\"name\":\"La bande son de Lune Siamoise - lunesiamoise.com\",\"isPartOf\":{\"@id\":\"https:\/\/lunesiamoise.com\/#website\"},\"primaryImageOfPage\":{\"@id\":\"https:\/\/lunesiamoise.com\/?page_id=1380#primaryimage\"},\"datePublished\":\"2022-05-29T19:52:55+00:00\",\"dateModified\":\"2022-06-05T15:25:51+00:00\",\"breadcrumb\":{\"@id\":\"https:\/\/lunesiamoise.com\/?page_id=1380#breadcrumb\"},\"inLanguage\":\"fr-FR\",\"potentialAction\":[{\"@type\":\"ReadAction\",\"target\":[\"https:\/\/lunesiamoise.com\/?page_id=1380\"]}]},{\"@type\":\"BreadcrumbList\",\"@id\":\"https:\/\/lunesiamoise.com\/?page_id=1380#breadcrumb\",\"itemListElement\":[{\"@type\":\"ListItem\",\"position\":1,\"name\":\"Accueil\",\"item\":\"https:\/\/lunesiamoise.com\/\"},{\"@type\":\"ListItem\",\"position\":2,\"name\":\"La bande son de Lune Siamoise\"}]}]}<\/script>\n<!-- \/ Yoast SEO plugin. -->","yoast_head_json":{"title":"La bande son de Lune Siamoise - lunesiamoise.com","robots":{"index":"index","follow":"follow","max-snippet":"max-snippet:-1","max-image-preview":"max-image-preview:large","max-video-preview":"max-video-preview:-1"},"canonical":"https:\/\/lunesiamoise.com\/?page_id=1380","og_locale":"fr_FR","og_type":"article","og_title":"La bande son de Lune Siamoise - lunesiamoise.com","og_description":"En \u00e9crivant Lune siamoise, j&rsquo;avais des musiques en t\u00eate. Parfois, c&rsquo;est une chanson qui me dictait le texte. D&rsquo;autres fois, ce sont les mots qui \u00e9voquaient une musique. La liste de lecture de Lune siamoise a donc grandi avec le roman. C&rsquo;est une bande son \u00e9clectique, avec \u00e0 la fois de la musique tha\u00eflandaise, de [&hellip;]","og_url":"https:\/\/lunesiamoise.com\/?page_id=1380","og_site_name":"lunesiamoise.com","article_publisher":"https:\/\/www.facebook.com\/lunesiamoise\/","article_modified_time":"2022-06-05T15:25:51+00:00","og_image":[{"width":2560,"height":1707,"url":"http:\/\/lunesiamoise.com\/wp-content\/uploads\/2022\/06\/Thai-Music-CR-Johan-Fantenberg-2-scaled.jpg","type":"image\/jpeg"}],"twitter_card":"summary_large_image","twitter_misc":{"Dur\u00e9e de lecture estim\u00e9e":"4 minutes"},"schema":{"@context":"https:\/\/schema.org","@graph":[{"@type":"Organization","@id":"https:\/\/lunesiamoise.com\/#organization","name":"Lune siamoise","url":"https:\/\/lunesiamoise.com\/","sameAs":["https:\/\/www.facebook.com\/lunesiamoise\/"],"logo":{"@type":"ImageObject","inLanguage":"fr-FR","@id":"https:\/\/lunesiamoise.com\/#\/schema\/logo\/image\/","url":"https:\/\/lunesiamoise.com\/wp-content\/uploads\/2022\/05\/couverture-full-copietest1-2.png","contentUrl":"https:\/\/lunesiamoise.com\/wp-content\/uploads\/2022\/05\/couverture-full-copietest1-2.png","width":936,"height":1026,"caption":"Lune siamoise"},"image":{"@id":"https:\/\/lunesiamoise.com\/#\/schema\/logo\/image\/"}},{"@type":"WebSite","@id":"https:\/\/lunesiamoise.com\/#website","url":"https:\/\/lunesiamoise.com\/","name":"lunesiamoise.com","description":"L&#039;univers de Lune siamoise","publisher":{"@id":"https:\/\/lunesiamoise.com\/#organization"},"potentialAction":[{"@type":"SearchAction","target":{"@type":"EntryPoint","urlTemplate":"https:\/\/lunesiamoise.com\/?s={search_term_string}"},"query-input":"required name=search_term_string"}],"inLanguage":"fr-FR"},{"@type":"ImageObject","inLanguage":"fr-FR","@id":"https:\/\/lunesiamoise.com\/?page_id=1380#primaryimage","url":"https:\/\/lunesiamoise.com\/wp-content\/uploads\/2022\/06\/Thai-Music-CR-Johan-Fantenberg-2-scaled.jpg","contentUrl":"https:\/\/lunesiamoise.com\/wp-content\/uploads\/2022\/06\/Thai-Music-CR-Johan-Fantenberg-2-scaled.jpg","width":2560,"height":1707},{"@type":"WebPage","@id":"https:\/\/lunesiamoise.com\/?page_id=1380#webpage","url":"https:\/\/lunesiamoise.com\/?page_id=1380","name":"La bande son de Lune Siamoise - lunesiamoise.com","isPartOf":{"@id":"https:\/\/lunesiamoise.com\/#website"},"primaryImageOfPage":{"@id":"https:\/\/lunesiamoise.com\/?page_id=1380#primaryimage"},"datePublished":"2022-05-29T19:52:55+00:00","dateModified":"2022-06-05T15:25:51+00:00","breadcrumb":{"@id":"https:\/\/lunesiamoise.com\/?page_id=1380#breadcrumb"},"inLanguage":"fr-FR","potentialAction":[{"@type":"ReadAction","target":["https:\/\/lunesiamoise.com\/?page_id=1380"]}]},{"@type":"BreadcrumbList","@id":"https:\/\/lunesiamoise.com\/?page_id=1380#breadcrumb","itemListElement":[{"@type":"ListItem","position":1,"name":"Accueil","item":"https:\/\/lunesiamoise.com\/"},{"@type":"ListItem","position":2,"name":"La bande son de Lune Siamoise"}]}]}},"uagb_featured_image_src":{"full":false,"thumbnail":false,"medium":false,"medium_large":false,"large":false,"1536x1536":false,"2048x2048":false,"post-thumbnail":false},"uagb_author_info":{"display_name":"patrick_be@yahoo.com","author_link":"https:\/\/lunesiamoise.com\/?author=1"},"uagb_comment_info":0,"uagb_excerpt":"En \u00e9crivant Lune siamoise, j&rsquo;avais des musiques en t\u00eate. Parfois, c&rsquo;est une chanson qui me dictait le texte. D&rsquo;autres fois, ce sont les mots qui \u00e9voquaient une musique. La liste de lecture de Lune siamoise a donc grandi avec le roman. C&rsquo;est une bande son \u00e9clectique, avec \u00e0 la fois de la musique tha\u00eflandaise, de\u2026","_links":{"self":[{"href":"https:\/\/lunesiamoise.com\/index.php?rest_route=\/wp\/v2\/pages\/1380"}],"collection":[{"href":"https:\/\/lunesiamoise.com\/index.php?rest_route=\/wp\/v2\/pages"}],"about":[{"href":"https:\/\/lunesiamoise.com\/index.php?rest_route=\/wp\/v2\/types\/page"}],"author":[{"embeddable":true,"href":"https:\/\/lunesiamoise.com\/index.php?rest_route=\/wp\/v2\/users\/1"}],"replies":[{"embeddable":true,"href":"https:\/\/lunesiamoise.com\/index.php?rest_route=%2Fwp%2Fv2%2Fcomments&post=1380"}],"version-history":[{"count":34,"href":"https:\/\/lunesiamoise.com\/index.php?rest_route=\/wp\/v2\/pages\/1380\/revisions"}],"predecessor-version":[{"id":1968,"href":"https:\/\/lunesiamoise.com\/index.php?rest_route=\/wp\/v2\/pages\/1380\/revisions\/1968"}],"wp:attachment":[{"href":"https:\/\/lunesiamoise.com\/index.php?rest_route=%2Fwp%2Fv2%2Fmedia&parent=1380"}],"curies":[{"name":"wp","href":"https:\/\/api.w.org\/{rel}","templated":true}]}}